{"id":86,"date":"2014-11-16T14:55:50","date_gmt":"2014-11-16T12:55:50","guid":{"rendered":"http:\/\/aartal-poachers.de\/wordpress\/?page_id=86"},"modified":"2024-12-09T18:58:08","modified_gmt":"2024-12-09T16:58:08","slug":"kontakt","status":"publish","type":"page","link":"https:\/\/aartal-poachers.de\/?page_id=86","title":{"rendered":"Kontakt"},"content":{"rendered":"<p>Kontakt BSC aartal poachers Hohenahr e.V. Vorsitzender: J\u00f6rg K\u00fchnholz Stra\u00dfe: Ostpreu\u00dfenstr. 12 Wohnort: 35606 Solms Mobil-Nr: \u00a0<span style=\"color: black; font-family: 'Arial','sans-serif'; font-size: 10pt;\">0162-4287438<\/span> eMail:\u00a0 info1(AT)aartal-poachers.de<\/p>\n<p>{Ersetzt das (AT) in der Emailadresse einfach durch @}<\/p>\n","protected":false},"excerpt":{"rendered":"<p>Kontakt BSC aartal poachers Hohenahr e.V. Vorsitzender: J\u00f6rg K\u00fchnholz Stra\u00dfe: Ostpreu\u00dfenstr. 12 Wohnort: 35606 Solms Mobil-Nr: \u00a00162-4287438 eMail:\u00a0 info1(AT)aartal-poachers.de {Ersetzt das (AT) in der Emailadresse einfach durch @}<\/p>\n","protected":false},"author":2,"featured_media":0,"parent":0,"menu_order":8,"comment_status":"closed","ping_status":"closed","template":"","meta":{"footnotes":""},"class_list":["post-86","page","type-page","status-publish","hentry"],"jetpack_sharing_enabled":true,"_links":{"self":[{"href":"https:\/\/aartal-poachers.de\/index.php?rest_route=\/wp\/v2\/pages\/86"}],"collection":[{"href":"https:\/\/aartal-poachers.de\/index.php?rest_route=\/wp\/v2\/pages"}],"about":[{"href":"https:\/\/aartal-poachers.de\/index.php?rest_route=\/wp\/v2\/types\/page"}],"author":[{"embeddable":true,"href":"https:\/\/aartal-poachers.de\/index.php?rest_route=\/wp\/v2\/users\/2"}],"replies":[{"embeddable":true,"href":"https:\/\/aartal-poachers.de\/index.php?rest_route=%2Fwp%2Fv2%2Fcomments&post=86"}],"version-history":[{"count":15,"href":"https:\/\/aartal-poachers.de\/index.php?rest_route=\/wp\/v2\/pages\/86\/revisions"}],"predecessor-version":[{"id":1336,"href":"https:\/\/aartal-poachers.de\/index.php?rest_route=\/wp\/v2\/pages\/86\/revisions\/1336"}],"wp:attachment":[{"href":"https:\/\/aartal-poachers.de\/index.php?rest_route=%2Fwp%2Fv2%2Fmedia&parent=86"}],"curies":[{"name":"wp","href":"https:\/\/api.w.org\/{rel}","templated":true}]}}