{"id":74,"date":"2014-11-16T14:34:56","date_gmt":"2014-11-16T12:34:56","guid":{"rendered":"http:\/\/aartal-poachers.de\/wordpress\/?page_id=74"},"modified":"2025-03-23T21:56:43","modified_gmt":"2025-03-23T19:56:43","slug":"verein","status":"publish","type":"page","link":"https:\/\/aartal-poachers.de\/?page_id=74","title":{"rendered":"Verein"},"content":{"rendered":"\t\t<div data-elementor-type=\"wp-page\" data-elementor-id=\"74\" class=\"elementor elementor-74\">\n\t\t\t\t<div class=\"elementor-element elementor-element-7a769c23 e-flex e-con-boxed e-con e-parent\" data-id=\"7a769c23\" data-element_type=\"container\">\n\t\t\t\t\t<div class=\"e-con-inner\">\n\t\t\t\t<div class=\"elementor-element elementor-element-6d1ee6ae elementor-widget elementor-widget-text-editor\" data-id=\"6d1ee6ae\" data-element_type=\"widget\" data-widget_type=\"text-editor.default\">\n\t\t\t\t<div class=\"elementor-widget-container\">\n\t\t\t\t\t\t\t<p>Der Verein Der Verein BSC aartal poachers Hohenahr e. V. wurde am 19.05.2002 gegr\u00fcndet und hat seinen Sitz in Hohenahr (Lahn-Dill-Kreis\/Hessen).<\/p>\n<p>Der Verein dient der Pflege des traditionellen Bogensports auf der Grundlage des Amateurgedankens. Er will insbesondere seine Mitglieder<\/p>\n<p>a) durch Einrichtung von Sportanlagen sowie F\u00f6rderung sportlicher \u00dcbungen und Leistungen freundschaftlich miteinander verbinden und<\/p>\n<p>b) \u00fcber die freiwillige Unterordnung unter die Sportordnung des deutschen Bogensportverbands und die allgemein g\u00fcltigen Gesetze des Sports auf breitester, volkst\u00fcmlicher Grundlage zu einer Gemeinschaft zusammenf\u00fchren.<\/p>\n<p>Der Verein ist keinem Verband angeschlossen.<\/p>\n<p>Er hat derzeit 162 Mitglieder &#8211; Stand Februar 2025;\u00a0 \u00a0 \u00a0 \u00a0 \u00a0 \u00a0 \u00a0 \u00a0 \u00a0 \u00a0 \u00a0 \u00a0 \u00a0 \u00a0 \u00a0 \u00a0 \u00a0 \u00a0 \u00a0 \u00a0 \u00a0 \u00a0 \u00a0 \u00a0 \u00a0 \u00a0 148 Mitglieder &#8211; Stand Dezember 2022; 141 Mitglieder &#8211; Stand Juni 21;\u00a0 \u00a0 \u00a0 \u00a0 \u00a0 \u00a0 \u00a0 \u00a0 123 Mitglieder &#8211; Stand Januar 2021;\u00a0 95 Mitglieder- \u00a0Stand M\u00e4rz 2019,\u00a0 \u00a0 \u00a0 \u00a0 \u00a0 \u00a0 \u00a0 \u00a0 \u00a0 \u00a0\u00a0<span style=\"color: var( --e-global-color-text ); font-family: var( --e-global-typography-text-font-family ), Sans-serif; font-weight: var( --e-global-typography-text-font-weight ); text-align: var(--text-align);\">73 Mitglieder- Stand 10.06.2018, 66 Mitglieder, Stand 29.08.2017.<\/span><\/p>\n<p>\u00a0<\/p>\n<p><strong>Der Vorstand:<\/strong><\/p>\n<p>Vorsitzender: J\u00f6rg K\u00fchnholz\u00a0 \u00a0 \u00a0 \u00a0 \u00a0 \u00a0 \u00a0 \u00a0 \u00a0 \u00a0 \u00a0 \u00a0 \u00a0 \u00a0 \u00a0 \u00a0 \u00a0 \u00a0 \u00a0 \u00a0 \u00a0 \u00a0 \u00a0 \u00a0 \u00a0 \u00a0 \u00a0 \u00a0 \u00a0 \u00a0 \u00a0 \u00a0 \u00a0 \u00a0 \u00a0 \u00a0 \u00a0 \u00a0 \u00a0 \u00a0 \u00a0 \u00a0 \u00a0 \u00a0 Stellv. Vorsitzender: Heiko Br\u00fcck\u00a0 \u00a0 \u00a0 \u00a0 \u00a0 \u00a0 \u00a0 \u00a0 \u00a0 \u00a0 \u00a0 \u00a0 \u00a0 \u00a0 \u00a0 \u00a0 \u00a0 \u00a0 \u00a0 \u00a0 \u00a0 \u00a0 \u00a0 \u00a0 \u00a0 \u00a0 \u00a0 \u00a0 \u00a0 \u00a0 \u00a0 \u00a0 \u00a0 \u00a0 \u00a0 \u00a0 \u00a0 \u00a0 \u00a0 \u00a0 \u00a0 \u00a0 Kassierer: Holger M\u00fcller\u00a0 \u00a0 \u00a0 \u00a0 \u00a0 \u00a0 \u00a0 \u00a0 \u00a0 \u00a0 \u00a0 \u00a0 \u00a0 \u00a0 \u00a0 \u00a0 \u00a0 \u00a0 \u00a0 \u00a0 \u00a0 \u00a0 \u00a0 \u00a0 \u00a0 \u00a0 \u00a0 \u00a0 \u00a0 \u00a0 \u00a0 \u00a0 \u00a0 \u00a0 \u00a0 \u00a0 \u00a0 \u00a0 \u00a0 \u00a0 \u00a0 \u00a0 \u00a0 \u00a0 \u00a0 \u00a0 <span style=\"font-size: revert;\">Schriftf\u00fchrer: Nikolaus Grandmontagne\u00a0 \u00a0 \u00a0 \u00a0 \u00a0 \u00a0 \u00a0 \u00a0 \u00a0 \u00a0 \u00a0 \u00a0 \u00a0 \u00a0 \u00a0 \u00a0 \u00a0 \u00a0 \u00a0 \u00a0 \u00a0 \u00a0 \u00a0 \u00a0 \u00a0 \u00a0 \u00a0 \u00a0 \u00a0 \u00a0 \u00a0 \u00a0 \u00a0 \u00a0 \u00a0 \u00a0 \u00a0 <\/span>1. Beisitzer: Harald Naumann\u00a0 \u00a0 \u00a0 \u00a0 \u00a0 \u00a0 \u00a0 \u00a0 \u00a0 \u00a0 \u00a0 \u00a0 \u00a0 \u00a0 \u00a0 \u00a0 \u00a0 \u00a0 \u00a0 \u00a0 \u00a0 \u00a0 \u00a0 \u00a0 \u00a0 \u00a0 \u00a0 \u00a0 \u00a0 \u00a0 \u00a0 \u00a0 \u00a0 \u00a0 \u00a0 \u00a0 \u00a0 \u00a0 \u00a0 \u00a0 \u00a0 \u00a0 \u00a0 \u00a0 \u00a0 \u00a0 \u00a0 2. Beisitzer: Kai L\u00e4ufer<\/p>\n<p><a href=\"https:\/\/aartal-poachers.de\/wp-content\/uploads\/2022\/05\/BSCapHeV_Aufnahmeantrag-05-2022.pdf\">Aufnahmeantrag\u00a0\u00a0\u00a0<\/a> <a href=\"http:\/\/aartal-poachers.de\/wp-content\/uploads\/2018\/12\/Einverstaendniserkl\u00e4rung-12.18.pdf\">Einverst\u00e4ndniserkl\u00e4rung<\/a> \u00a0\u00a0 <a href=\"http:\/\/aartal-poachers.de\/wp-content\/uploads\/2018\/12\/SEPA-Lastschrift-aartal-poachers-neu.pdf\">SEPA-Lastschrift<\/a> \u00a0\u00a0 \u00a0<a href=\"http:\/\/aartal-poachers.de\/wp-content\/uploads\/2014\/11\/Geb\u00fchrenordnung.pdf\">Geb\u00fchrenordnung<\/a>\u00a0 \u00a0 \u00a0<a href=\"http:\/\/aartal-poachers.de\/wp-content\/uploads\/2018\/12\/BSCapHeV_Parcoursordnung-18_12.pdf\">Parcoursordnung\u00a0\u00a0\u00a0\u00a0<\/a> <a href=\"http:\/\/aartal-poachers.de\/wp-content\/uploads\/2014\/11\/BSCapHeV_Satzung-.pdf\">Satzung<\/a><\/p>\n<p><!-- wp:paragraph --><\/p>\n<p><!-- \/wp:paragraph --><\/p>\t\t\t\t\t\t<\/div>\n\t\t\t\t<\/div>\n\t\t\t\t\t<\/div>\n\t\t\t\t<\/div>\n\t\t\t\t<\/div>\n\t\t","protected":false},"excerpt":{"rendered":"<p>Der Verein Der Verein BSC aartal poachers Hohenahr e. V. wurde am 19.05.2002 gegr\u00fcndet und hat seinen Sitz in Hohenahr (Lahn-Dill-Kreis\/Hessen). Der Verein dient der Pflege des traditionellen Bogensports auf der Grundlage des Amateurgedankens. Er will insbesondere seine Mitglieder a) durch Einrichtung von Sportanlagen sowie F\u00f6rderung sportlicher \u00dcbungen und Leistungen freundschaftlich miteinander verbinden und b) &hellip; <a href=\"https:\/\/aartal-poachers.de\/?page_id=74\" class=\"more-link\"><span class=\"screen-reader-text\">Verein<\/span> weiterlesen <span class=\"meta-nav\">&rarr;<\/span><\/a><\/p>\n","protected":false},"author":2,"featured_media":0,"parent":0,"menu_order":3,"comment_status":"closed","ping_status":"closed","template":"","meta":{"footnotes":""},"class_list":["post-74","page","type-page","status-publish","hentry"],"jetpack_sharing_enabled":true,"_links":{"self":[{"href":"https:\/\/aartal-poachers.de\/index.php?rest_route=\/wp\/v2\/pages\/74"}],"collection":[{"href":"https:\/\/aartal-poachers.de\/index.php?rest_route=\/wp\/v2\/pages"}],"about":[{"href":"https:\/\/aartal-poachers.de\/index.php?rest_route=\/wp\/v2\/types\/page"}],"author":[{"embeddable":true,"href":"https:\/\/aartal-poachers.de\/index.php?rest_route=\/wp\/v2\/users\/2"}],"replies":[{"embeddable":true,"href":"https:\/\/aartal-poachers.de\/index.php?rest_route=%2Fwp%2Fv2%2Fcomments&post=74"}],"version-history":[{"count":49,"href":"https:\/\/aartal-poachers.de\/index.php?rest_route=\/wp\/v2\/pages\/74\/revisions"}],"predecessor-version":[{"id":1355,"href":"https:\/\/aartal-poachers.de\/index.php?rest_route=\/wp\/v2\/pages\/74\/revisions\/1355"}],"wp:attachment":[{"href":"https:\/\/aartal-poachers.de\/index.php?rest_route=%2Fwp%2Fv2%2Fmedia&parent=74"}],"curies":[{"name":"wp","href":"https:\/\/api.w.org\/{rel}","templated":true}]}}