{"id":7,"date":"2014-11-05T21:07:53","date_gmt":"2014-11-05T19:07:53","guid":{"rendered":"http:\/\/aartal-poachers.de\/wordpress\/?page_id=7"},"modified":"2024-12-09T19:00:53","modified_gmt":"2024-12-09T17:00:53","slug":"impressum","status":"publish","type":"page","link":"https:\/\/aartal-poachers.de\/?page_id=7","title":{"rendered":"Impressum"},"content":{"rendered":"<p>Impressum\/Anbieterkennzeichnung BSC aartal poachers Hohenahr e.V.<\/p>\n<pre><span style=\"color: black; font-family: 'Arial','sans-serif'; font-size: 10pt;\">Vorsitzender: J\u00f6rg K\u00fchnholz\nStra\u00dfe: Ostpreu\u00dfenstra\u00dfe 12\nWohnort: 35606 Solms\nTelefon: 0162-4287438\neMail: <a href=\"http:\/\/info1(AT)aartal-poachers.de\">i<\/a>nfo1(AT)aartal-poachers.de\n\n{Ersetzt das (AT) in der Emailadresse einfach durch @}\n<\/span><\/pre>\n<p>Vereinsregister: Registergericht Wetzlar Registernummer: VR 1726 Umsatzsteuer-ID: 039 250 00668 Die Verwendung der Kontaktdaten des Impressums zur gewerblichen Werbung ist ausdr\u00fccklich nicht erw\u00fcnscht, es sei denn der Anbieter hatte zuvor seine schriftliche Einwilligung erteilt oder es besteht bereits eine Gesch\u00e4ftsbeziehung. Der Anbieter und alle auf dieser Website genannten Personen widersprechen hiermit jeder kommerziellen Verwendung und Weitergabe ihrer Daten.<\/p>\n","protected":false},"excerpt":{"rendered":"<p>Impressum\/Anbieterkennzeichnung BSC aartal poachers Hohenahr e.V. Vorsitzender: J\u00f6rg K\u00fchnholz Stra\u00dfe: Ostpreu\u00dfenstra\u00dfe 12 Wohnort: 35606 Solms Telefon: 0162-4287438 eMail: info1(AT)aartal-poachers.de {Ersetzt das (AT) in der Emailadresse einfach durch @} Vereinsregister: Registergericht Wetzlar Registernummer: VR 1726 Umsatzsteuer-ID: 039 250 00668 Die Verwendung der Kontaktdaten des Impressums zur gewerblichen Werbung ist ausdr\u00fccklich nicht erw\u00fcnscht, es sei denn der &hellip; <a href=\"https:\/\/aartal-poachers.de\/?page_id=7\" class=\"more-link\"><span class=\"screen-reader-text\">Impressum<\/span> weiterlesen <span class=\"meta-nav\">&rarr;<\/span><\/a><\/p>\n","protected":false},"author":2,"featured_media":0,"parent":0,"menu_order":9,"comment_status":"closed","ping_status":"closed","template":"","meta":{"footnotes":""},"class_list":["post-7","page","type-page","status-publish","hentry"],"jetpack_sharing_enabled":true,"_links":{"self":[{"href":"https:\/\/aartal-poachers.de\/index.php?rest_route=\/wp\/v2\/pages\/7"}],"collection":[{"href":"https:\/\/aartal-poachers.de\/index.php?rest_route=\/wp\/v2\/pages"}],"about":[{"href":"https:\/\/aartal-poachers.de\/index.php?rest_route=\/wp\/v2\/types\/page"}],"author":[{"embeddable":true,"href":"https:\/\/aartal-poachers.de\/index.php?rest_route=\/wp\/v2\/users\/2"}],"replies":[{"embeddable":true,"href":"https:\/\/aartal-poachers.de\/index.php?rest_route=%2Fwp%2Fv2%2Fcomments&post=7"}],"version-history":[{"count":9,"href":"https:\/\/aartal-poachers.de\/index.php?rest_route=\/wp\/v2\/pages\/7\/revisions"}],"predecessor-version":[{"id":1339,"href":"https:\/\/aartal-poachers.de\/index.php?rest_route=\/wp\/v2\/pages\/7\/revisions\/1339"}],"wp:attachment":[{"href":"https:\/\/aartal-poachers.de\/index.php?rest_route=%2Fwp%2Fv2%2Fmedia&parent=7"}],"curies":[{"name":"wp","href":"https:\/\/api.w.org\/{rel}","templated":true}]}}