{"id":51,"date":"2014-11-11T22:20:04","date_gmt":"2014-11-11T20:20:04","guid":{"rendered":"http:\/\/aartal-poachers.de\/wordpress\/?page_id=51"},"modified":"2022-04-23T09:14:53","modified_gmt":"2022-04-23T07:14:53","slug":"anfahrt","status":"publish","type":"page","link":"https:\/\/aartal-poachers.de\/?page_id=51","title":{"rendered":"Anfahrt"},"content":{"rendered":"<h5>Anfahrt<\/h5>\n<p>Die Anfahrt zu\u00a0uns \u00fcber <a href=\"https:\/\/goo.gl\/maps\/x1732rx3JymXYSTe8\">Google Maps<\/a> GPS-Koordinaten: 50\u00b040\u203205\u2033N, 08\u00b032\u203248\u2033O Dort Parken, dann Richtung Tor Solarpark gehen, und vor dem Tor links den Waldweg hochlaufen. Rechts kommt dann der Eingang zum Parcours, f\u00fcr den ihr einen Zahlencode (Gastsch\u00fctzen), oder den Schl\u00fcssel braucht (Mitglieder). <span style=\"line-height: 1.5;\">Beschreibung:<\/span> <span style=\"line-height: 1.5;\"><strong>Von Norden (A5):<\/strong> Abfahrt Reiskirchener Dreieck, A480 Richtung Gie\u00dfen, am\u00a0<\/span>Autobahnende Richtung Gladenbach, in der Ortschaft Frankenbach links ab\u00a0Richtung Erda, auf halber Strecke im Wald links in die asphaltierte Stra\u00dfe zum\u00a0Parcoursgel\u00e4nde (nicht ausgeschildert) abbiegen. <strong>Von S\u00fcden (A45):<\/strong> Abfahrt Hohenahr, durch die Ortschaften Blasbach und Hohensolms, nach 2 km rechts nach Erda, durch den Ort Richtung Frankenbach, auf halber Strecke im Wald rechts in die asphaltierte Stra\u00dfe zum Parcours- gel\u00e4nde (nicht ausgeschildert) abbiegen. <a href=\"http:\/\/aartal-poachers.de\/wp-content\/uploads\/2014\/11\/BSCapHeV_LgplnNATO.jpg\"><img decoding=\"async\" class=\"alignnone size-medium wp-image-64\" src=\"http:\/\/aartal-poachers.de\/wp-content\/uploads\/2014\/11\/BSCapHeV_LgplnNATO-300x116.jpg\" alt=\"BSCapHeV_LgplnNATO\" width=\"300\" height=\"116\" srcset=\"https:\/\/aartal-poachers.de\/wp-content\/uploads\/2014\/11\/BSCapHeV_LgplnNATO-300x116.jpg 300w, https:\/\/aartal-poachers.de\/wp-content\/uploads\/2014\/11\/BSCapHeV_LgplnNATO.jpg 670w\" sizes=\"(max-width: 300px) 100vw, 300px\" \/><\/a><\/p>\n","protected":false},"excerpt":{"rendered":"<p>Anfahrt Die Anfahrt zu\u00a0uns \u00fcber Google Maps GPS-Koordinaten: 50\u00b040\u203205\u2033N, 08\u00b032\u203248\u2033O Dort Parken, dann Richtung Tor Solarpark gehen, und vor dem Tor links den Waldweg hochlaufen. Rechts kommt dann der Eingang zum Parcours, f\u00fcr den ihr einen Zahlencode (Gastsch\u00fctzen), oder den Schl\u00fcssel braucht (Mitglieder). Beschreibung: Von Norden (A5): Abfahrt Reiskirchener Dreieck, A480 Richtung Gie\u00dfen, am\u00a0Autobahnende Richtung &hellip; <a href=\"https:\/\/aartal-poachers.de\/?page_id=51\" class=\"more-link\"><span class=\"screen-reader-text\">Anfahrt<\/span> weiterlesen <span class=\"meta-nav\">&rarr;<\/span><\/a><\/p>\n","protected":false},"author":2,"featured_media":0,"parent":0,"menu_order":7,"comment_status":"closed","ping_status":"closed","template":"","meta":{"footnotes":""},"class_list":["post-51","page","type-page","status-publish","hentry"],"jetpack_sharing_enabled":true,"_links":{"self":[{"href":"https:\/\/aartal-poachers.de\/index.php?rest_route=\/wp\/v2\/pages\/51"}],"collection":[{"href":"https:\/\/aartal-poachers.de\/index.php?rest_route=\/wp\/v2\/pages"}],"about":[{"href":"https:\/\/aartal-poachers.de\/index.php?rest_route=\/wp\/v2\/types\/page"}],"author":[{"embeddable":true,"href":"https:\/\/aartal-poachers.de\/index.php?rest_route=\/wp\/v2\/users\/2"}],"replies":[{"embeddable":true,"href":"https:\/\/aartal-poachers.de\/index.php?rest_route=%2Fwp%2Fv2%2Fcomments&post=51"}],"version-history":[{"count":6,"href":"https:\/\/aartal-poachers.de\/index.php?rest_route=\/wp\/v2\/pages\/51\/revisions"}],"predecessor-version":[{"id":998,"href":"https:\/\/aartal-poachers.de\/index.php?rest_route=\/wp\/v2\/pages\/51\/revisions\/998"}],"wp:attachment":[{"href":"https:\/\/aartal-poachers.de\/index.php?rest_route=%2Fwp%2Fv2%2Fmedia&parent=51"}],"curies":[{"name":"wp","href":"https:\/\/api.w.org\/{rel}","templated":true}]}}