{"id":48,"date":"2014-11-11T22:15:22","date_gmt":"2014-11-11T20:15:22","guid":{"rendered":"http:\/\/aartal-poachers.de\/wordpress\/?page_id=48"},"modified":"2026-04-26T22:10:15","modified_gmt":"2026-04-26T20:10:15","slug":"schnupperkurse","status":"publish","type":"page","link":"https:\/\/aartal-poachers.de\/?page_id=48","title":{"rendered":"Schnupperkurse"},"content":{"rendered":"\t\t<div data-elementor-type=\"wp-page\" data-elementor-id=\"48\" class=\"elementor elementor-48\">\n\t\t\t\t<div class=\"elementor-element elementor-element-5624cc93 e-flex e-con-boxed e-con e-parent\" data-id=\"5624cc93\" data-element_type=\"container\">\n\t\t\t\t\t<div class=\"e-con-inner\">\n\t\t\t\t<div class=\"elementor-element elementor-element-513be4bc elementor-widget elementor-widget-text-editor\" data-id=\"513be4bc\" data-element_type=\"widget\" data-widget_type=\"text-editor.default\">\n\t\t\t\t<div class=\"elementor-widget-container\">\n\t\t\t\t\t\t\t<p>Wir bieten f\u00fcr&nbsp; BogensportInteressierte Schnupperkurse an.<\/p>\n<p>Der Schnupperkurs beinhaltet eine theoretische und praktische Einf\u00fchrung in die Technik des traditionellen Bogensports und eine kurze Parcoursbegehung.<\/p>\n<p>F\u00fcr den Schnupperkurs werden Ausr\u00fcstung und Pfeilmaterial gestellt.<\/p>\n<p>Preise: Pro Person 20\u20ac,&nbsp; Familien 40\u20ac<br>Maximale Gruppengr\u00f6\u00dfe: 4 Personen<br>Mindestalter: 10 Jahre, nur in Begleitung Erwachsener<\/p>\n<p>Interessierte melden sich bitte sp\u00e4testens 8 Tage vorher.<\/p>\n<p>Eventveranstaltungen, wie z.B. Firmen- und Geburtstagsveranstaltungen, f\u00fchren wir nicht durch.<\/p>\n<p><strong>Folgende Termine stehen f\u00fcr dieses Jahr zur Verf\u00fcgung. Die freien Termine k\u00f6nnen Sie sich reservieren per<\/strong><\/p>\n<h4><span style=\"color: #339966;\"><strong>WhatsApp \/ SMS<\/strong>&nbsp;\u00fcber die <strong>Mobil Nr. 01577- 77 55 001<\/strong><\/span><\/h4>\n<h5><strong>&nbsp;<\/strong><\/h5>\n<h5><strong>Was ist wichtig zu wissen?<\/strong><\/h5>\n<ul>\n<li>Teilnehmerzahl 4 (ggf. R\u00fccksprache mit dem Kursleiter).&nbsp;<\/li>\n<li>Schnupperkurs-Geb\u00fchr bitte passend&nbsp; mitbringen, da es keine Wechselm\u00f6glichkeit gibt.&nbsp;<\/li>\n<li>Bei dem Wetter angepasste Outdoor-Kleidung und feste Schuhe (zB. Wanderschuhe) anziehen.<\/li>\n<li>Strecke ca. 2,5km und 70hm<\/li>\n<li>Dauer 2 &#8211; 4 Std. Bitte ausreichend Zeit mitbringen.<\/li>\n<\/ul>\n<h4><strong>&nbsp;<\/strong><\/h4>\n<h4><strong>Schnupperkurse 2026<br><\/strong><\/h4>\n<div>\n<table style=\"width: 443pt;\" border=\"0\" width=\"591\" cellspacing=\"0\" cellpadding=\"0\">\n<colgroup>\n<col style=\"mso-width-source: userset; mso-width-alt: 2500; width: 54pt;\" width=\"73\">\n<col style=\"mso-width-source: userset; mso-width-alt: 413; width: 9pt;\" width=\"12\">\n<col style=\"mso-width-source: userset; mso-width-alt: 1102; width: 24pt;\" width=\"32\">\n<col style=\"mso-width-source: userset; mso-width-alt: 295; width: 6pt;\" width=\"9\">\n<col style=\"mso-width-source: userset; mso-width-alt: 5927; width: 129pt;\" width=\"172\">\n<col style=\"width: 62pt;\" width=\"82\">\n<col style=\"mso-width-source: userset; mso-width-alt: 4450; width: 97pt;\" width=\"129\">\n<col style=\"width: 62pt;\" width=\"82\"> <\/colgroup>\n<tbody>\n<tr style=\"mso-height-source: userset; height: 27.0pt;\">\n<td style=\"height: 27.0pt; width: 54pt;\" width=\"73\" height=\"36\"><b><u>Kurs<\/u><\/b><\/td>\n<td style=\"border-left: none; width: 9pt;\" width=\"12\"><u style=\"visibility: hidden; mso-ignore: visibility;\"><b>&nbsp;<\/b><\/u><\/td>\n<td style=\"width: 24pt;\" width=\"32\"><u style=\"visibility: hidden; mso-ignore: visibility;\"><b>&nbsp;<\/b><\/u><\/td>\n<td style=\"width: 6pt;\" width=\"9\"><u style=\"visibility: hidden; mso-ignore: visibility;\"><b>&nbsp;<\/b><\/u><\/td>\n<td style=\"width: 129pt;\" width=\"172\"><b><u>Datum<\/u><\/b><\/td>\n<td style=\"border-left: none; width: 62pt;\" width=\"82\"><b><u>Tg.<\/u><\/b><\/td>\n<td style=\"border-left: none; width: 97pt;\" width=\"129\"><b><u>Belegung<\/u><\/b><\/td>\n<td style=\"border-left: none; width: 62pt;\" width=\"82\"><b><u>Status<\/u><\/b><\/td>\n<\/tr>\n<tr style=\"mso-height-source: userset; height: 18.75pt;\">\n<td style=\"height: 18.75pt; border-top: none;\" height=\"25\">1<\/td>\n<td style=\"border-top: none;\">&nbsp;<\/td>\n<td style=\"border-top: none;\">11<\/td>\n<td style=\"border-top: none;\">.<\/td>\n<td style=\"border-top: none;\">April 26<\/td>\n<td style=\"border-top: none; border-left: none;\">Sa<\/td>\n<td style=\"border-top: none; border-left: none;\">3 (4) Pers.&nbsp;<\/td>\n<td style=\"border-top: none;\">1 frei<\/td>\n<\/tr>\n<tr style=\"mso-height-source: userset; height: 18.75pt;\">\n<td style=\"height: 18.75pt; border-top: none;\" height=\"25\">2<\/td>\n<td>&nbsp;<\/td>\n<td>25<\/td>\n<td>.<\/td>\n<td>April 26<\/td>\n<td style=\"border-left: none;\">Sa<\/td>\n<td style=\"border-left: none;\">4 (4) Pers.&nbsp;<\/td>\n<td style=\"border-top: none;\">belegt<\/td>\n<\/tr>\n<tr style=\"mso-height-source: userset; height: 18.75pt;\">\n<td style=\"height: 18.75pt; border-top: none;\" height=\"25\">3<\/td>\n<td>&nbsp;<\/td>\n<td>2<\/td>\n<td>.<\/td>\n<td>Mai 26<\/td>\n<td style=\"border-left: none;\">Sa<\/td>\n<td style=\"border-left: none;\">4 (4) Pers.&nbsp;<\/td>\n<td style=\"border-top: none;\">belegt<\/td>\n<\/tr>\n<tr style=\"mso-height-source: userset; height: 21.0pt;\">\n<td style=\"height: 21.0pt; border-top: none;\" height=\"28\">4<\/td>\n<td style=\"border-top: none;\">&nbsp;<\/td>\n<td style=\"border-top: none;\">9<\/td>\n<td style=\"border-top: none;\">.<\/td>\n<td style=\"border-top: none;\">Mai 26<\/td>\n<td style=\"border-top: none; border-left: none;\">Sa<\/td>\n<td style=\"border-top: none; border-left: none;\">4 (4) Pers.&nbsp;<\/td>\n<td style=\"border-top: none;\">belegt<\/td>\n<\/tr>\n<tr style=\"mso-height-source: userset; height: 21.0pt;\">\n<td style=\"height: 21.0pt; border-top: none;\" height=\"28\">5<\/td>\n<td style=\"border-top: none;\">&nbsp;<\/td>\n<td style=\"border-top: none;\">15<\/td>\n<td style=\"border-top: none;\">.<\/td>\n<td style=\"border-top: none;\">Mai 26<\/td>\n<td style=\"border-top: none; border-left: none;\">Fr<\/td>\n<td style=\"border-top: none; border-left: none;\">0 (4) Pers.&nbsp;<\/td>\n<td style=\"border-top: none;\">frei<\/td>\n<\/tr>\n<tr style=\"mso-height-source: userset; height: 18.75pt;\">\n<td style=\"height: 18.75pt; border-top: none;\" height=\"25\">6<\/td>\n<td>&nbsp;<\/td>\n<td>23<\/td>\n<td>.<\/td>\n<td style=\"border-top: none;\">Mai 26<\/td>\n<td style=\"border-top: none; border-left: none;\">Sa<\/td>\n<td style=\"border-top: none; border-left: none;\">4 (4) Pers.&nbsp;<\/td>\n<td style=\"border-top: none;\">belegt<\/td>\n<\/tr>\n<tr style=\"mso-height-source: userset; height: 23.25pt;\">\n<td style=\"height: 23.25pt; border-top: none;\" height=\"31\">7<\/td>\n<td>&nbsp;<\/td>\n<td>30<\/td>\n<td>.<\/td>\n<td>Mai 26<\/td>\n<td style=\"border-left: none;\">Sa<\/td>\n<td style=\"border-top: none; border-left: none;\">0 (4) Pers.&nbsp;<\/td>\n<td style=\"border-top: none;\">frei<\/td>\n<\/tr>\n<tr style=\"mso-height-source: userset; height: 18.75pt;\">\n<td style=\"height: 18.75pt;\" height=\"25\">8<\/td>\n<td>&nbsp;<\/td>\n<td>6<\/td>\n<td>.<\/td>\n<td>Juni 26<\/td>\n<td style=\"border-left: none;\">Sa<\/td>\n<td style=\"border-top: none; border-left: none;\">2 (4) Pers.&nbsp;<\/td>\n<td style=\"border-top: none;\">2 frei<\/td>\n<\/tr>\n<tr style=\"mso-height-source: userset; height: 18.75pt;\">\n<td style=\"height: 18.75pt; border-top: none;\" height=\"25\">9<\/td>\n<td style=\"border-top: none;\">&nbsp;<\/td>\n<td style=\"border-top: none;\">13<\/td>\n<td style=\"border-top: none;\">.<\/td>\n<td style=\"border-top: none;\">Juni 26<\/td>\n<td style=\"border-top: none; border-left: none;\">Sa<\/td>\n<td style=\"border-top: none; border-left: none;\">2 (4) Pers.&nbsp;<\/td>\n<td style=\"border-top: none;\">2 frei<\/td>\n<\/tr>\n<tr style=\"mso-height-source: userset; height: 18.75pt;\">\n<td style=\"height: 18.75pt; border-top: none;\" height=\"25\">10<\/td>\n<td style=\"border-top: none;\">&nbsp;<\/td>\n<td style=\"border-top: none;\">20<\/td>\n<td style=\"border-top: none;\">.<\/td>\n<td style=\"border-top: none;\">Juni 26<\/td>\n<td style=\"border-top: none; border-left: none;\">Sa<\/td>\n<td style=\"border-top: none; border-left: none;\">0 (4) Pers.&nbsp;<\/td>\n<td style=\"border-top: none;\">frei<\/td>\n<\/tr>\n<tr style=\"height: 20.6pt;\">\n<td style=\"height: 20.6pt; border-top: none;\" height=\"27\">11<\/td>\n<td style=\"border-top: none;\">&nbsp;<\/td>\n<td style=\"border-top: none;\">27<\/td>\n<td style=\"border-top: none;\">.<\/td>\n<td style=\"border-top: none;\">Juni 26<\/td>\n<td style=\"border-top: none; border-left: none;\">Sa<\/td>\n<td style=\"border-top: none; border-left: none;\">0 (4) Pers.&nbsp;<\/td>\n<td style=\"border-top: none;\">frei<\/td>\n<\/tr>\n<tr style=\"height: 20.15pt;\">\n<td style=\"height: 20.15pt;\" height=\"27\">12<\/td>\n<td>&nbsp;<\/td>\n<td>4<\/td>\n<td>.<\/td>\n<td>Juli 26<\/td>\n<td style=\"border-left: none;\">Sa<\/td>\n<td style=\"border-top: none; border-left: none;\">0 (4) Pers.&nbsp;<\/td>\n<td style=\"border-top: none;\">frei<\/td>\n<\/tr>\n<tr style=\"mso-height-source: userset; height: 18.75pt;\">\n<td style=\"height: 18.75pt; border-top: none;\" height=\"25\">13<\/td>\n<td style=\"border-top: none;\">&nbsp;<\/td>\n<td style=\"border-top: none;\">18<\/td>\n<td style=\"border-top: none;\">.<\/td>\n<td style=\"border-top: none;\">Juli 26<\/td>\n<td style=\"border-top: none; border-left: none;\">Sa<\/td>\n<td style=\"border-top: none; border-left: none;\">0 (4) Pers.&nbsp;<\/td>\n<td style=\"border-top: none;\">frei<\/td>\n<\/tr>\n<tr style=\"mso-height-source: userset; height: 18.75pt;\">\n<td style=\"height: 18.75pt; border-top: none;\" height=\"25\">14<\/td>\n<td style=\"border-top: none;\">&nbsp;<\/td>\n<td style=\"border-top: none;\">25<\/td>\n<td style=\"border-top: none;\">.<\/td>\n<td style=\"border-top: none;\">Juli 26<\/td>\n<td style=\"border-top: none; border-left: none;\">Sa<\/td>\n<td style=\"border-top: none; border-left: none;\">0 (4) Pers.&nbsp;<\/td>\n<td style=\"border-top: none;\">frei<\/td>\n<\/tr>\n<tr style=\"mso-height-source: userset; height: 18.75pt;\">\n<td style=\"height: 18.75pt;\" height=\"25\">15<\/td>\n<td>&nbsp;<\/td>\n<td>1<\/td>\n<td>.<\/td>\n<td>August 26<\/td>\n<td style=\"border-left: none;\">Sa<\/td>\n<td style=\"border-top: none; border-left: none;\">0 (4) Pers.&nbsp;<\/td>\n<td style=\"border-top: none;\">frei<\/td>\n<\/tr>\n<tr style=\"mso-height-source: userset; height: 18.75pt;\">\n<td style=\"height: 18.75pt; border-top: none;\" height=\"25\">16<\/td>\n<td style=\"border-top: none;\">&nbsp;<\/td>\n<td style=\"border-top: none;\">15<\/td>\n<td style=\"border-top: none;\">.<\/td>\n<td style=\"border-top: none;\">August 26<\/td>\n<td style=\"border-left: none;\">Sa<\/td>\n<td style=\"border-top: none; border-left: none;\">4 (4) Pers.&nbsp;<\/td>\n<td style=\"border-top: none;\">belegt<\/td>\n<\/tr>\n<tr style=\"height: 20.15pt;\">\n<td style=\"height: 20.15pt;\" height=\"27\">17<\/td>\n<td>&nbsp;<\/td>\n<td>23<\/td>\n<td>.<\/td>\n<td>August 26<\/td>\n<td style=\"border-left: none;\">So<\/td>\n<td style=\"border-top: none; border-left: none;\">0 (4) Pers.&nbsp;<\/td>\n<td style=\"border-top: none;\">frei<\/td>\n<\/tr>\n<tr style=\"height: 20.15pt;\">\n<td style=\"height: 20.15pt; border-top: none;\" height=\"27\">18<\/td>\n<td style=\"border-top: none;\">&nbsp;<\/td>\n<td style=\"border-top: none;\">29<\/td>\n<td style=\"border-top: none;\">.<\/td>\n<td style=\"border-top: none;\">August 26<\/td>\n<td style=\"border-top: none; border-left: none;\">Sa<\/td>\n<td style=\"border-top: none; border-left: none;\">3 (4) Pers.&nbsp;<\/td>\n<td style=\"border-top: none;\">1 frei<\/td>\n<\/tr>\n<tr style=\"height: 20.6pt;\">\n<td style=\"height: 20.6pt;\" height=\"27\">19<\/td>\n<td>&nbsp;<\/td>\n<td>5<\/td>\n<td>.<\/td>\n<td>September 26<\/td>\n<td style=\"border-left: none;\">Sa<\/td>\n<td style=\"border-left: none;\">0 (4) Pers.&nbsp;<\/td>\n<td style=\"border-top: none;\">frei<\/td>\n<\/tr>\n<tr style=\"height: 20.6pt;\">\n<td style=\"height: 20.6pt; border-top: none;\" height=\"27\">20<\/td>\n<td style=\"border-top: none;\">&nbsp;<\/td>\n<td style=\"border-top: none;\">19<\/td>\n<td style=\"border-top: none;\">.<\/td>\n<td style=\"border-top: none;\">September 26<\/td>\n<td style=\"border-top: none; border-left: none;\">Sa<\/td>\n<td style=\"border-top: none; border-left: none;\">3 (4) Pers.&nbsp;<\/td>\n<td style=\"border-top: none;\">1 frei<\/td>\n<\/tr>\n<tr style=\"height: 20.15pt;\">\n<td style=\"height: 20.15pt;\" height=\"27\">21<\/td>\n<td>&nbsp;<\/td>\n<td>3<\/td>\n<td>.<\/td>\n<td>Oktober 26<\/td>\n<td style=\"border-left: none;\">Sa<\/td>\n<td style=\"border-top: none; border-left: none;\">0 (4) Pers.&nbsp;<\/td>\n<td style=\"border-top: none;\">frei<\/td>\n<\/tr>\n<tr style=\"height: 20.15pt;\">\n<td style=\"height: 20.15pt;\" height=\"27\">22<\/td>\n<td>&nbsp;<\/td>\n<td>9<\/td>\n<td style=\"border-top: none;\">.<\/td>\n<td>Oktober 26<\/td>\n<td style=\"border-left: none;\">Fr<\/td>\n<td style=\"border-top: none; border-left: none;\">0 (4) Pers.&nbsp;<\/td>\n<td style=\"border-top: none;\">frei<\/td>\n<\/tr>\n<tr style=\"height: 20.15pt;\">\n<td style=\"height: 20.15pt;\" height=\"27\">23<\/td>\n<td>&nbsp;<\/td>\n<td>24<\/td>\n<td style=\"border-top: none;\">.<\/td>\n<td>Oktober 26<\/td>\n<td style=\"border-left: none;\">Sa<\/td>\n<td style=\"border-top: none; border-left: none;\">0 (4) Pers.&nbsp;<\/td>\n<td style=\"border-top: none;\">frei<\/td>\n<\/tr>\n<\/tbody>\n<\/table>\n<\/div>\n<div>&nbsp;<\/div>\n<p><!-- wp:paragraph --><\/p>\n<p><!-- \/wp:paragraph --><\/p>\n<p><!-- wp:paragraph --><\/p>\n<p><!-- \/wp:paragraph --><\/p>\t\t\t\t\t\t<\/div>\n\t\t\t\t<\/div>\n\t\t\t\t\t<\/div>\n\t\t\t\t<\/div>\n\t\t\t\t<\/div>\n\t\t","protected":false},"excerpt":{"rendered":"<p>Wir bieten f\u00fcr&nbsp; BogensportInteressierte Schnupperkurse an. Der Schnupperkurs beinhaltet eine theoretische und praktische Einf\u00fchrung in die Technik des traditionellen Bogensports und eine kurze Parcoursbegehung. F\u00fcr den Schnupperkurs werden Ausr\u00fcstung und Pfeilmaterial gestellt. Preise: Pro Person 20\u20ac,&nbsp; Familien 40\u20acMaximale Gruppengr\u00f6\u00dfe: 4 PersonenMindestalter: 10 Jahre, nur in Begleitung Erwachsener Interessierte melden sich bitte sp\u00e4testens 8 Tage vorher. &hellip; <a href=\"https:\/\/aartal-poachers.de\/?page_id=48\" class=\"more-link\"><span class=\"screen-reader-text\">Schnupperkurse<\/span> weiterlesen <span class=\"meta-nav\">&rarr;<\/span><\/a><\/p>\n","protected":false},"author":2,"featured_media":0,"parent":0,"menu_order":6,"comment_status":"closed","ping_status":"closed","template":"","meta":{"footnotes":""},"class_list":["post-48","page","type-page","status-publish","hentry"],"jetpack_sharing_enabled":true,"_links":{"self":[{"href":"https:\/\/aartal-poachers.de\/index.php?rest_route=\/wp\/v2\/pages\/48"}],"collection":[{"href":"https:\/\/aartal-poachers.de\/index.php?rest_route=\/wp\/v2\/pages"}],"about":[{"href":"https:\/\/aartal-poachers.de\/index.php?rest_route=\/wp\/v2\/types\/page"}],"author":[{"embeddable":true,"href":"https:\/\/aartal-poachers.de\/index.php?rest_route=\/wp\/v2\/users\/2"}],"replies":[{"embeddable":true,"href":"https:\/\/aartal-poachers.de\/index.php?rest_route=%2Fwp%2Fv2%2Fcomments&post=48"}],"version-history":[{"count":140,"href":"https:\/\/aartal-poachers.de\/index.php?rest_route=\/wp\/v2\/pages\/48\/revisions"}],"predecessor-version":[{"id":1512,"href":"https:\/\/aartal-poachers.de\/index.php?rest_route=\/wp\/v2\/pages\/48\/revisions\/1512"}],"wp:attachment":[{"href":"https:\/\/aartal-poachers.de\/index.php?rest_route=%2Fwp%2Fv2%2Fmedia&parent=48"}],"curies":[{"name":"wp","href":"https:\/\/api.w.org\/{rel}","templated":true}]}}