{"id":12,"date":"2014-11-10T23:34:43","date_gmt":"2014-11-10T21:34:43","guid":{"rendered":"http:\/\/aartal-poachers.de\/wordpress\/?page_id=12"},"modified":"2022-04-23T09:12:36","modified_gmt":"2022-04-23T07:12:36","slug":"traditionelles-bogenschiessen","status":"publish","type":"page","link":"https:\/\/aartal-poachers.de\/?page_id=12","title":{"rendered":"Traditionelles Bogenschie\u00dfen"},"content":{"rendered":"<p>Traditionelles Bogenschie\u00dfen &#8230; was ist das? Traditionelles Bogenschie\u00dfen ist ein Outdoor-Freizeitsport f\u00fcr die ganze Familie! <a href=\"http:\/\/aartal-poachers.de\/wp-content\/uploads\/2014\/11\/IMG_6978.jpg\"><img fetchpriority=\"high\" decoding=\"async\" class=\" size-medium wp-image-319 aligncenter\" src=\"http:\/\/aartal-poachers.de\/wp-content\/uploads\/2014\/11\/IMG_6978-300x225.jpg\" alt=\"IMG_6978\" width=\"300\" height=\"225\" srcset=\"https:\/\/aartal-poachers.de\/wp-content\/uploads\/2014\/11\/IMG_6978-300x225.jpg 300w, https:\/\/aartal-poachers.de\/wp-content\/uploads\/2014\/11\/IMG_6978-1024x768.jpg 1024w, https:\/\/aartal-poachers.de\/wp-content\/uploads\/2014\/11\/IMG_6978-900x675.jpg 900w, https:\/\/aartal-poachers.de\/wp-content\/uploads\/2014\/11\/IMG_6978.jpg 1984w\" sizes=\"(max-width: 300px) 100vw, 300px\" \/><\/a> Der Bogen besteht aus einem meist steifen Mittelteil, das als Griff dient. Die beiden Wurfarme sind flexibel und werden beim Aufspannen des Bogens vorgekr\u00fcmmt. Beim Auszug des Bogens speichern die Wurfame nun Energie, die beim Loslassen der Sehne auf den Pfeil \u00fcbertragen wird, um diesen zu beschleunigen. Seine Bedeutung f\u00fcr die Menschheit verlor der Bogen erst ab dem Jahr 1520 nach Christus mit der Erfindung der Muskete. Heute erfreut der Bogen sich wieder gr\u00f6\u00dferer Beliebtheit als Sportwaffe (in einigen \u00a0L\u00e4ndern wird der Bogen auch noch zur Jagd benutzt). Heutige B\u00f6gen sind oft mit Zielvorrichtungen und Stabilisatoren ausger\u00fcstet (z. B. auch bei der Olympiade), um eine h\u00f6here Genauigkeit beim Schuss \u00fcber gr\u00f6\u00dfere Distanzen zu gew\u00e4hrleisten. In der letzten Evolutionsstufe, dem Compoundbogen, kehrte man dem ursp\u00fcnglichen Bogenprinzip sogar den R\u00fccken, indem man Kabel und Rollen verwendete, um eine h\u00f6here Schussleistung zu erzielen. Beim traditionellen Bogenschie\u00dfen werden wieder B\u00f6gen nach dem urspr\u00fcnglichen Bogenprinzip verwendet. Compoundb\u00f6gen und die Verwendung von Stabilisatoren und Zielvorrichtungen sind nicht traditionell. <a href=\"http:\/\/aartal-poachers.de\/wp-content\/uploads\/2014\/11\/auszug.jpg\">\u00a0<\/a> Bei den beim traditionellen Bogenschie\u00dfen verwendeten B\u00f6gen handelt es sich meist um<a href=\"http:\/\/aartal-poachers.de\/wp-content\/uploads\/2014\/11\/IMG_7032-a.jpg\"><img decoding=\"async\" class=\"alignright wp-image-323\" src=\"http:\/\/aartal-poachers.de\/wp-content\/uploads\/2014\/11\/IMG_7032-a-156x300.jpg\" alt=\"IMG_7032 a\" width=\"200\" height=\"384\" srcset=\"https:\/\/aartal-poachers.de\/wp-content\/uploads\/2014\/11\/IMG_7032-a-156x300.jpg 156w, https:\/\/aartal-poachers.de\/wp-content\/uploads\/2014\/11\/IMG_7032-a-534x1024.jpg 534w, https:\/\/aartal-poachers.de\/wp-content\/uploads\/2014\/11\/IMG_7032-a.jpg 829w\" sizes=\"(max-width: 200px) 100vw, 200px\" \/><\/a> sogenannte Langb\u00f6gen oder Recurveb\u00f6gen. Einige traditionelle Sch\u00fctzen verwenden wieder B\u00f6gen aus den urspr\u00fcnglichen Werkstoffen. Diese B\u00f6gen sind aus Holz und k\u00f6nnen mit Horn, Tierh\u00e4uten oder Tiersehnen verst\u00e4rkt sein. Oft stellen diese Sch\u00fctzen ihre B\u00f6gen selber her. Traditionell Bogenschie\u00dfen schlie\u00dft jedoch nicht die Verwendung moderner Werkstoffe aus. Schon immer verwendete der Mensch das beste ihm zur Verf\u00fcgung stehende Material f\u00fcr den Bogenbau, hing doch fr\u00fcher oft genug das \u00dcberleben des J\u00e4gers\/Kriegers von der Qualit\u00e4t seines Bogens ab. Viele traditionelle Sch\u00fctzen verwenden heute Holzb\u00f6gen, die mit Fiberglas, Carbon oder anderen Kunstfasern gegen Bruch verst\u00e4rkt werden. Ob B\u00f6gen, die komplett aus Metall und Kunststoffen gefertigt sind, nun traditionell sind, liegt sicher im Auge des Betrachters. Zweifellos k\u00f6nnen aber auch diese B\u00f6gen traditionell geschossen werden, sofern man auf Zielvorrichtungen und andere leistungssteigernde technische Elemente verzichtet. <a href=\"http:\/\/aartal-poachers.de\/wp-content\/uploads\/2014\/11\/IMG_7085.jpg\"><img decoding=\"async\" class=\" size-medium wp-image-321 aligncenter\" src=\"http:\/\/aartal-poachers.de\/wp-content\/uploads\/2014\/11\/IMG_7085-300x225.jpg\" alt=\"IMG_7085\" width=\"300\" height=\"225\" srcset=\"https:\/\/aartal-poachers.de\/wp-content\/uploads\/2014\/11\/IMG_7085-300x225.jpg 300w, https:\/\/aartal-poachers.de\/wp-content\/uploads\/2014\/11\/IMG_7085-1024x768.jpg 1024w, https:\/\/aartal-poachers.de\/wp-content\/uploads\/2014\/11\/IMG_7085-900x675.jpg 900w, https:\/\/aartal-poachers.de\/wp-content\/uploads\/2014\/11\/IMG_7085.jpg 1984w\" sizes=\"(max-width: 300px) 100vw, 300px\" \/><\/a> <strong>\u00a0 \u00a0 \u00a0 \u00a0 \u00a0 \u00a0 \u00a0 \u00a0 \u00a0 \u00a0 \u00a0 \u00a0 \u00a0 \u00a0 \u00a0 \u00a0 \u00a0 \u00a0 \u00a0 \u00a0 \u00a0 \u00a0 \u00a0 \u00a0 \u00a0 Wir schie\u00dfen nicht auf lebende Tiere!<\/strong> Als Zielscheiben k\u00f6nnen klassische Ringzielscheiben oder Tierbilder verwendet werden. Wir poachers verwenden auf unserem Parcours jedoch sogenannte 3D-Ziele. 3D-Ziele sind aus Kunststoff gefertigte, lebensnahe Tiernachbildungen. Diese werden mit viel Liebe zum Detail auf unserem Parcours aufgestellt, so dass der Sch\u00fctze eine jagd\u00e4hnliche Situation am Abschusspflock vorfindet. Traditionell Bogenschie\u00dfen bei den aartal poachers bedeutet, sich mit netten Leuten zu einer entspannten Runde auf dem Parcours zu treffen, den Alltag zu vergessen und eins zu werden mit Bogen und Pfeil! Wer jedoch die sportliche Herausforderung sucht, der kann an den zahlreichen Turnieren auf den deutschen und europ\u00e4ischen Parcours teilnehmen. Lust bekommen? Dann nimm doch einfach Kontakt mit uns auf und informiere Dich \u00fcber den von uns regelm\u00e4\u00dfig angebotenen Schnupperkurs!<\/p>\n","protected":false},"excerpt":{"rendered":"<p>Traditionelles Bogenschie\u00dfen &#8230; was ist das? Traditionelles Bogenschie\u00dfen ist ein Outdoor-Freizeitsport f\u00fcr die ganze Familie! Der Bogen besteht aus einem meist steifen Mittelteil, das als Griff dient. Die beiden Wurfarme sind flexibel und werden beim Aufspannen des Bogens vorgekr\u00fcmmt. Beim Auszug des Bogens speichern die Wurfame nun Energie, die beim Loslassen der Sehne auf den &hellip; <a href=\"https:\/\/aartal-poachers.de\/?page_id=12\" class=\"more-link\"><span class=\"screen-reader-text\">Traditionelles Bogenschie\u00dfen<\/span> weiterlesen <span class=\"meta-nav\">&rarr;<\/span><\/a><\/p>\n","protected":false},"author":2,"featured_media":0,"parent":0,"menu_order":2,"comment_status":"closed","ping_status":"closed","template":"","meta":{"footnotes":""},"class_list":["post-12","page","type-page","status-publish","hentry"],"jetpack_sharing_enabled":true,"_links":{"self":[{"href":"https:\/\/aartal-poachers.de\/index.php?rest_route=\/wp\/v2\/pages\/12"}],"collection":[{"href":"https:\/\/aartal-poachers.de\/index.php?rest_route=\/wp\/v2\/pages"}],"about":[{"href":"https:\/\/aartal-poachers.de\/index.php?rest_route=\/wp\/v2\/types\/page"}],"author":[{"embeddable":true,"href":"https:\/\/aartal-poachers.de\/index.php?rest_route=\/wp\/v2\/users\/2"}],"replies":[{"embeddable":true,"href":"https:\/\/aartal-poachers.de\/index.php?rest_route=%2Fwp%2Fv2%2Fcomments&post=12"}],"version-history":[{"count":7,"href":"https:\/\/aartal-poachers.de\/index.php?rest_route=\/wp\/v2\/pages\/12\/revisions"}],"predecessor-version":[{"id":995,"href":"https:\/\/aartal-poachers.de\/index.php?rest_route=\/wp\/v2\/pages\/12\/revisions\/995"}],"wp:attachment":[{"href":"https:\/\/aartal-poachers.de\/index.php?rest_route=%2Fwp%2Fv2%2Fmedia&parent=12"}],"curies":[{"name":"wp","href":"https:\/\/api.w.org\/{rel}","templated":true}]}}