{"id":10,"date":"2014-11-10T23:23:47","date_gmt":"2014-11-10T21:23:47","guid":{"rendered":"http:\/\/aartal-poachers.de\/wordpress\/?page_id=10"},"modified":"2026-04-26T22:12:24","modified_gmt":"2026-04-26T20:12:24","slug":"info","status":"publish","type":"page","link":"https:\/\/aartal-poachers.de\/","title":{"rendered":"Home"},"content":{"rendered":"\t\t<div data-elementor-type=\"wp-page\" data-elementor-id=\"10\" class=\"elementor elementor-10\">\n\t\t\t\t<div class=\"elementor-element elementor-element-77b4b20d e-flex e-con-boxed e-con e-parent\" data-id=\"77b4b20d\" data-element_type=\"container\">\n\t\t\t\t\t<div class=\"e-con-inner\">\n\t\t\t\t<div class=\"elementor-element elementor-element-2126b64d elementor-widget elementor-widget-text-editor\" data-id=\"2126b64d\" data-element_type=\"widget\" data-widget_type=\"text-editor.default\">\n\t\t\t\t<div class=\"elementor-widget-container\">\n\t\t\t\t\t\t\t<p><!-- wp:heading {\"textAlign\":\"center\",\"level\":4,\"style\":{\"color\":{\"text\":\"#21e6ed\"}},\"backgroundColor\":\"yellow\"} --><\/p>\n<p><\/p>\n<h2 style=\"text-align: center;\"><strong style=\"text-align: start; font-family: Arial, sans-serif; font-size: 16px;\"><span style=\"color: #003300;\">&nbsp;Herzlich willkommen auf der Homepage&nbsp;<\/span><\/strong><strong style=\"text-align: start; font-family: Arial, sans-serif; font-size: 16px;\"><span style=\"color: #003300;\">des Bogensportvereins&nbsp; &nbsp; &nbsp; &nbsp; &nbsp; &nbsp; &nbsp; &nbsp;<\/span><\/strong><strong style=\"text-align: start; font-family: Arial, sans-serif; font-size: 16px;\"><span style=\"color: #003300;\">BSC aartal poachers Hohenahr e.V.<\/span><\/strong><\/h2>\n<p>Wir sind ein <strong>Verein f\u00fcr bogensportbegeisterte Menschen<\/strong>, und bieten <strong>Bogensportfreundinnen und Freunden<\/strong> mit eigener Ausr\u00fcstung sowie Parcourserfahrung den Zugang zu unserem Parcours als <strong>Gastsch\u00fctze <\/strong> an.<\/p>\n<p><\/p>\n<p><!-- \/wp:heading --><\/p>\n<p><!-- wp:paragraph {\"align\":\"center\",\"fontSize\":\"large\"} --><\/p>\n<p><!-- \/wp:paragraph --><\/p>\n<p><!-- wp:paragraph --><\/p>\n<p><!-- \/wp:paragraph --><\/p>\n<p><!-- wp:paragraph --><\/p>\n<p>F\u00fcr <strong>bogensportinteressierte Menschen ohne Erfahrung und ohne Ausr\u00fcstung<\/strong> bieten wir <strong>Schnupperkurse <\/strong>an. Auf der Seite <strong><a href=\"https:\/\/aartal-poachers.de\/?page_id=48\" data-type=\"URL\" data-id=\"https:\/\/aartal-poachers.de\/?page_id=48\">Schnupperkurse <\/a><\/strong>finden Interessierte <em><strong>die freien Termine und Kontaktdaten f\u00fcr die Buchung!<\/strong><\/em><\/p>\n<p><!-- \/wp:paragraph --><\/p>\n<p><!-- wp:paragraph --><\/p>\n<p><!-- \/wp:paragraph --><\/p>\n<p><!-- wp:paragraph --><\/p>\n<p>Bitte beachten: Eventveranstaltungen wie z.B. Firmenveranstaltungen oder Geburtstagsveranstaltung f\u00fchren wir nicht durch.<\/p>\n<p><!-- \/wp:paragraph --><\/p>\n<p><!-- wp:paragraph --><\/p>\n<p><!-- \/wp:paragraph --><\/p>\n<p><!-- wp:paragraph --><\/p>\n<p><span style=\"color: #003300;\"><strong><span style=\"color: #339966;\">Anmeldung f\u00fcr Gastsch\u00fctzen ist per Whatsapp m\u00f6glich!&nbsp;<\/span><\/strong><span style=\"color: #333333;\"> Details dazu findet man bei den &#8222;Gastsch\u00fctzen&#8220;.<\/span> <\/span><br><span style=\"color: #003300;\"><strong><span style=\"color: #339966;\"><span style=\"color: #003300;\"><span style=\"color: #000000;\"><a href=\"https:\/\/aartal-poachers.de\/?page_id=41\">Hier geht es zur Anmeldung f\u00fcr unsere Gastsch\u00fctzen.<\/a><\/span><\/span><\/span><\/strong><\/span><\/p>\n<p><!-- \/wp:paragraph --><\/p>\n<p><!-- wp:paragraph --><\/p>\n<p><!-- \/wp:paragraph --><\/p>\n<p><!-- wp:paragraph --><\/p>\n<p><strong>Ein paar Eindr\u00fccke zu unserem Parcours findet ihr <\/strong><a href=\"https:\/\/aartal-poachers.de\/?page_id=19\"><strong>h<\/strong>i<strong>er<\/strong><\/a><\/p>\n<p><!-- \/wp:paragraph --><\/p>\n<p><!-- wp:paragraph {\"fontSize\":\"medium\"} --><\/p>\n<p><strong><span style=\"color: #800000; text-decoration: underline;\">TERMINE&nbsp; &nbsp; &nbsp; &nbsp; &nbsp; &nbsp; &nbsp; &nbsp; &nbsp; &nbsp; &nbsp; &nbsp; &nbsp; &nbsp; &nbsp; &nbsp; &nbsp; &nbsp; &nbsp; &nbsp; &nbsp; &nbsp; &nbsp; &nbsp; &nbsp; &nbsp; &nbsp; &nbsp; &nbsp; &nbsp; &nbsp; &nbsp; &nbsp; &nbsp; &nbsp; &nbsp; &nbsp; &nbsp; &nbsp; &nbsp; &nbsp; &nbsp; &nbsp; &nbsp; &nbsp; &nbsp; &nbsp; &nbsp; &nbsp; &nbsp;&nbsp;<\/span><\/strong><\/p>\n<p><!-- \/wp:paragraph --><\/p>\n<p><!-- wp:paragraph {\"align\":\"center\",\"backgroundColor\":\"beige\",\"textColor\":\"red\",\"fontSize\":\"medium\"} --><\/p>\n<p><!-- \/wp:paragraph --><\/p>\n<p><!-- wp:paragraph --><\/p>\n<p><!-- \/wp:paragraph --><\/p>\n<p><!-- wp:paragraph {\"fontSize\":\"medium\"} --><\/p>\n<p><\/p>\n<p><strong><span style=\"color: #800000;\"><span style=\"color: #ff0000;\"><strong><span style=\"color: #800000;\"><span style=\"text-decoration: underline;\"><span style=\"color: #003366; text-decoration: underline;\">AKTUELLE INFOS&nbsp;&nbsp;&nbsp;&nbsp;&nbsp;&nbsp;<\/span><span style=\"color: #000080; text-decoration: underline;\">&nbsp; &nbsp; &nbsp; &nbsp; &nbsp; &nbsp; &nbsp; &nbsp; &nbsp; &nbsp; &nbsp; &nbsp; &nbsp; &nbsp; &nbsp; &nbsp; &nbsp; &nbsp; &nbsp; &nbsp; &nbsp; &nbsp; &nbsp; &nbsp; &nbsp; &nbsp; &nbsp; &nbsp; &nbsp; &nbsp; &nbsp; &nbsp; &nbsp; &nbsp; &nbsp; &nbsp; &nbsp; &nbsp; &nbsp;&nbsp;<\/span><\/span><\/span><\/strong><\/span><\/span><\/strong><\/p>\n<h4><strong style=\"font-family: Arial, sans-serif; font-size: 16px;\">&nbsp;<\/strong><\/h4>\n<h4><strong style=\"font-family: Arial, sans-serif; font-size: 16px;\">&nbsp;<\/strong><\/h4>\n<h4><strong style=\"font-family: Arial, sans-serif; font-size: 16px;\">Interesse an Bekleidung mit Vereinslogo?<\/strong><span style=\"font-family: Arial, sans-serif; font-weight: 400; font-size: 16px;\"> Jeder, der das gerne m\u00f6chte, kann sich ein Kleidungsst\u00fcck&nbsp;(Mitgebrachtes oder vor Ort Gekauftes) mit dem Logo des Vereins bedrucken lassen. Wo? Im <\/span><strong style=\"font-family: Arial, sans-serif; font-size: 16px;\">Copy Shop Color, Bahnhofstr. 7, 35576 Wetzlar<\/strong><span style=\"font-family: Arial, sans-serif; font-weight: 400; font-size: 16px;\"> &#8211; die Rohdaten des Logos liegen dort vor. <\/span><span style=\"font-family: Arial, sans-serif; font-weight: 400; font-size: 16px; color: #ff0000;\"><span style=\"color: #5a24e3;\"><a href=\"http:\/\/aartal-poachers.de\/wp-content\/uploads\/2019\/04\/IMG_20190419_115127.jpg\"><img fetchpriority=\"high\" decoding=\"async\" src=\"http:\/\/aartal-poachers.de\/wp-content\/uploads\/2019\/04\/IMG_20190419_115127-1024x768.jpg\" alt=\"\" width=\"604\" height=\"453\"><\/a><\/span><\/span><span style=\"font-family: Arial, sans-serif; font-weight: 400; font-size: 16px;\"> Hunde sind auf unserem Parcours selbstverst\u00e4ndlich erlaubt, wir bitten aber darum den Hund an der Leine zu f\u00fchren.<\/span><\/h4>\n<p><!-- \/wp:paragraph --><\/p>\n<p><!-- wp:heading {\"level\":3} --><\/p>\n<h3>&nbsp;<\/h3>\n<p><!-- \/wp:heading --><\/p>\n<p><!-- wp:media-text --><\/p>\n<div>\n<figure><\/figure>\n<div>\n<p><!-- wp:paragraph {\"placeholder\":\"Inhalt\u2026\"} --><\/p>\n<p><!-- \/wp:paragraph --><\/p>\n<\/div>\n<div>&nbsp;<\/div>\n<\/div>\n<p><!-- \/wp:media-text --><\/p>\t\t\t\t\t\t<\/div>\n\t\t\t\t<\/div>\n\t\t\t\t\t<\/div>\n\t\t\t\t<\/div>\n\t\t\t\t<\/div>\n\t\t","protected":false},"excerpt":{"rendered":"<p>&nbsp;Herzlich willkommen auf der Homepage&nbsp;des Bogensportvereins&nbsp; &nbsp; &nbsp; &nbsp; &nbsp; &nbsp; &nbsp; &nbsp;BSC aartal poachers Hohenahr e.V. Wir sind ein Verein f\u00fcr bogensportbegeisterte Menschen, und bieten Bogensportfreundinnen und Freunden mit eigener Ausr\u00fcstung sowie Parcourserfahrung den Zugang zu unserem Parcours als Gastsch\u00fctze an. F\u00fcr bogensportinteressierte Menschen ohne Erfahrung und ohne Ausr\u00fcstung bieten wir Schnupperkurse an. Auf &hellip; <a href=\"https:\/\/aartal-poachers.de\/\" class=\"more-link\"><span class=\"screen-reader-text\">Home<\/span> weiterlesen <span class=\"meta-nav\">&rarr;<\/span><\/a><\/p>\n","protected":false},"author":3,"featured_media":0,"parent":0,"menu_order":1,"comment_status":"closed","ping_status":"closed","template":"","meta":{"footnotes":""},"class_list":["post-10","page","type-page","status-publish","hentry"],"jetpack_sharing_enabled":true,"_links":{"self":[{"href":"https:\/\/aartal-poachers.de\/index.php?rest_route=\/wp\/v2\/pages\/10"}],"collection":[{"href":"https:\/\/aartal-poachers.de\/index.php?rest_route=\/wp\/v2\/pages"}],"about":[{"href":"https:\/\/aartal-poachers.de\/index.php?rest_route=\/wp\/v2\/types\/page"}],"author":[{"embeddable":true,"href":"https:\/\/aartal-poachers.de\/index.php?rest_route=\/wp\/v2\/users\/3"}],"replies":[{"embeddable":true,"href":"https:\/\/aartal-poachers.de\/index.php?rest_route=%2Fwp%2Fv2%2Fcomments&post=10"}],"version-history":[{"count":343,"href":"https:\/\/aartal-poachers.de\/index.php?rest_route=\/wp\/v2\/pages\/10\/revisions"}],"predecessor-version":[{"id":1515,"href":"https:\/\/aartal-poachers.de\/index.php?rest_route=\/wp\/v2\/pages\/10\/revisions\/1515"}],"wp:attachment":[{"href":"https:\/\/aartal-poachers.de\/index.php?rest_route=%2Fwp%2Fv2%2Fmedia&parent=10"}],"curies":[{"name":"wp","href":"https:\/\/api.w.org\/{rel}","templated":true}]}}